{"id":12245,"date":"2025-06-04T13:36:41","date_gmt":"2025-06-04T13:36:41","guid":{"rendered":"https:\/\/agence-itineraire.fr\/?page_id=12245"},"modified":"2025-06-04T13:44:17","modified_gmt":"2025-06-04T13:44:17","slug":"mentions-legales","status":"publish","type":"page","link":"https:\/\/agence-itineraire.fr\/?page_id=12245","title":{"rendered":"Mentions L\u00e9gales"},"content":{"rendered":"\t\t<div data-elementor-type=\"wp-page\" data-elementor-id=\"12245\" class=\"elementor elementor-12245\" data-elementor-post-type=\"page\">\n\t\t\t\t<div class=\"elementor-element elementor-element-a19af5b e-flex e-con-boxed e-con e-parent\" data-id=\"a19af5b\" data-element_type=\"container\" data-e-type=\"container\">\n\t\t\t\t\t<div class=\"e-con-inner\">\n\t\t\t\t<div class=\"elementor-element elementor-element-942a6d9 elementor-widget elementor-widget-text-editor\" data-id=\"942a6d9\" data-element_type=\"widget\" data-e-type=\"widget\" data-widget_type=\"text-editor.default\">\n\t\t\t\t<div class=\"elementor-widget-container\">\n\t\t\t\t\t\t\t\t\t<section id=\"mentions-legales\">\n  <h1>Mentions l\u00e9gales<\/h1>\n\n  <h2>\u00c9diteur du site<\/h2>\n  <p>\n    <strong>Nom commercial :<\/strong> Agence Itin\u00e9raire<br>\n    <strong>Statut :<\/strong> Micro-entreprise<br>\n    <strong>Nom du responsable :<\/strong> Nathan Le Callonnec<br>\n    <strong>Adresse :<\/strong> 19 rue Saint \u00c9loi, 45000 Orl\u00e9ans, France<br>\n    <strong>SIRET :<\/strong> 823 236 658 00030<br>\n    <strong>TVA intracommunautaire :<\/strong> FR67823236658<br>\n    <strong>Code APE \/ NAF :<\/strong> 6201Z<br>\n    <strong>T\u00e9l\u00e9phone :<\/strong> 06 66 57 38 86<br>\n    <strong>Email :<\/strong> <a href=\"mailto:nathan@agence-itineraire.fr\">nathan@agence-itineraire.fr<\/a>\n  <\/p>\n\n  <h2>H\u00e9bergement<\/h2>\n  <p>\n    <strong>H\u00e9bergeur :<\/strong> IONOS SARL<br>\n    <strong>Adresse :<\/strong> 7, place de la Gare, BP 70109, 57200 Sarreguemines Cedex<br>\n    <strong>Site web :<\/strong> <a href=\"https:\/\/www.ionos.fr\" target=\"_blank\">www.ionos.fr<\/a>\n  <\/p>\n\n  <h2>Propri\u00e9t\u00e9 intellectuelle<\/h2>\n  <p>\n    L&#8217;ensemble des contenus pr\u00e9sents sur ce site (textes, images, vid\u00e9os, graphismes, logo, etc.) est la propri\u00e9t\u00e9 exclusive de l\u2019Agence Itin\u00e9raire, sauf mention contraire explicite. \n    Toute reproduction, repr\u00e9sentation, modification ou exploitation totale ou partielle, sans autorisation pr\u00e9alable \u00e9crite, est interdite.\n  <\/p>\n\n  <h2>Donn\u00e9es personnelles<\/h2>\n  <p>\n    Les donn\u00e9es collect\u00e9es via les formulaires du site sont strictement destin\u00e9es \u00e0 l\u2019Agence Itin\u00e9raire et ne sont ni vendues ni c\u00e9d\u00e9es \u00e0 des tiers.\n    Conform\u00e9ment au R\u00e8glement G\u00e9n\u00e9ral sur la Protection des Donn\u00e9es (RGPD), vous disposez d\u2019un droit d\u2019acc\u00e8s, de rectification, de limitation et de suppression des donn\u00e9es vous concernant.\n    Pour toute demande, vous pouvez \u00e9crire \u00e0 : <a href=\"mailto:nathan@agence-itineraire.fr\">nathan@agence-itineraire.fr<\/a>\n  <\/p>\n\n  <h2>Cookies<\/h2>\n  <p>\n    Ce site utilise Google Analytics afin de mesurer l\u2019audience et am\u00e9liorer votre exp\u00e9rience. \n    En poursuivant votre navigation, vous acceptez l&#8217;utilisation des cookies. Vous pouvez configurer votre navigateur pour refuser les cookies ou \u00eatre alert\u00e9 avant leur installation.\n  <\/p>\n<\/section>\n\t\t\t\t\t\t\t\t<\/div>\n\t\t\t\t<\/div>\n\t\t\t\t\t<\/div>\n\t\t\t\t<\/div>\n\t\t\t\t<\/div>\n\t\t","protected":false},"excerpt":{"rendered":"<p>Mentions l\u00e9gales \u00c9diteur du site Nom commercial : Agence Itin\u00e9raire Statut : Micro-entreprise Nom du responsable : Nathan Le Callonnec Adresse : 19 rue Saint \u00c9loi, 45000 Orl\u00e9ans, France SIRET : 823 236 658 00030 TVA intracommunautaire : FR67823236658 Code APE \/ NAF : 6201Z T\u00e9l\u00e9phone : 06 66 57 38 86 Email : nathan@agence-itineraire.fr&#8230;<\/p>\n","protected":false},"author":1,"featured_media":0,"parent":0,"menu_order":0,"comment_status":"closed","ping_status":"closed","template":"","meta":{"footnotes":""},"class_list":{"0":"post-12245","1":"page","2":"type-page","3":"status-publish","4":"hentry","5":"nt-post-class","6":"","7":"thumb-none","9":"excerpt-none"},"yoast_head":"<!-- This site is optimized with the Yoast SEO plugin v27.6 - https:\/\/yoast.com\/product\/yoast-seo-wordpress\/ -->\n<title>Mentions L\u00e9gales - Nouvel Itin\u00e9raire<\/title>\n<meta name=\"robots\" content=\"index, follow, max-snippet:-1, max-image-preview:large, max-video-preview:-1\" \/>\n<link rel=\"canonical\" href=\"https:\/\/agence-itineraire.fr\/?page_id=12245\" \/>\n<meta property=\"og:locale\" content=\"fr_FR\" \/>\n<meta property=\"og:type\" content=\"article\" \/>\n<meta property=\"og:title\" content=\"Mentions L\u00e9gales - Nouvel Itin\u00e9raire\" \/>\n<meta property=\"og:description\" content=\"Mentions l\u00e9gales \u00c9diteur du site Nom commercial : Agence Itin\u00e9raire Statut : Micro-entreprise Nom du responsable : Nathan Le Callonnec Adresse : 19 rue Saint \u00c9loi, 45000 Orl\u00e9ans, France SIRET : 823 236 658 00030 TVA intracommunautaire : FR67823236658 Code APE \/ NAF : 6201Z T\u00e9l\u00e9phone : 06 66 57 38 86 Email : nathan@agence-itineraire.fr...\" \/>\n<meta property=\"og:url\" content=\"https:\/\/agence-itineraire.fr\/?page_id=12245\" \/>\n<meta property=\"og:site_name\" content=\"Nouvel Itin\u00e9raire\" \/>\n<meta property=\"article:modified_time\" content=\"2025-06-04T13:44:17+00:00\" \/>\n<meta name=\"twitter:card\" content=\"summary_large_image\" \/>\n<meta name=\"twitter:label1\" content=\"Dur\u00e9e de lecture estim\u00e9e\" \/>\n\t<meta name=\"twitter:data1\" content=\"2 minutes\" \/>\n<script type=\"application\/ld+json\" class=\"yoast-schema-graph\">{\"@context\":\"https:\\\/\\\/schema.org\",\"@graph\":[{\"@type\":\"WebPage\",\"@id\":\"https:\\\/\\\/agence-itineraire.fr\\\/?page_id=12245\",\"url\":\"https:\\\/\\\/agence-itineraire.fr\\\/?page_id=12245\",\"name\":\"Mentions L\u00e9gales - Nouvel Itin\u00e9raire\",\"isPartOf\":{\"@id\":\"https:\\\/\\\/agence-itineraire.fr\\\/#website\"},\"datePublished\":\"2025-06-04T13:36:41+00:00\",\"dateModified\":\"2025-06-04T13:44:17+00:00\",\"breadcrumb\":{\"@id\":\"https:\\\/\\\/agence-itineraire.fr\\\/?page_id=12245#breadcrumb\"},\"inLanguage\":\"fr-FR\",\"potentialAction\":[{\"@type\":\"ReadAction\",\"target\":[\"https:\\\/\\\/agence-itineraire.fr\\\/?page_id=12245\"]}]},{\"@type\":\"BreadcrumbList\",\"@id\":\"https:\\\/\\\/agence-itineraire.fr\\\/?page_id=12245#breadcrumb\",\"itemListElement\":[{\"@type\":\"ListItem\",\"position\":1,\"name\":\"Accueil\",\"item\":\"https:\\\/\\\/agence-itineraire.fr\\\/\"},{\"@type\":\"ListItem\",\"position\":2,\"name\":\"Mentions L\u00e9gales\"}]},{\"@type\":\"WebSite\",\"@id\":\"https:\\\/\\\/agence-itineraire.fr\\\/#website\",\"url\":\"https:\\\/\\\/agence-itineraire.fr\\\/\",\"name\":\"Nouvel Itin\u00e9raire\",\"description\":\"L&#039;image que votre marque m\u00e9rite.\",\"publisher\":{\"@id\":\"https:\\\/\\\/agence-itineraire.fr\\\/#organization\"},\"potentialAction\":[{\"@type\":\"SearchAction\",\"target\":{\"@type\":\"EntryPoint\",\"urlTemplate\":\"https:\\\/\\\/agence-itineraire.fr\\\/?s={search_term_string}\"},\"query-input\":{\"@type\":\"PropertyValueSpecification\",\"valueRequired\":true,\"valueName\":\"search_term_string\"}}],\"inLanguage\":\"fr-FR\"},{\"@type\":\"Organization\",\"@id\":\"https:\\\/\\\/agence-itineraire.fr\\\/#organization\",\"name\":\"Agence Itin\u00e9raire\",\"url\":\"https:\\\/\\\/agence-itineraire.fr\\\/\",\"logo\":{\"@type\":\"ImageObject\",\"inLanguage\":\"fr-FR\",\"@id\":\"https:\\\/\\\/agence-itineraire.fr\\\/#\\\/schema\\\/logo\\\/image\\\/\",\"url\":\"https:\\\/\\\/agence-itineraire.fr\\\/wp-content\\\/uploads\\\/2022\\\/05\\\/Fichier-2-1.png\",\"contentUrl\":\"https:\\\/\\\/agence-itineraire.fr\\\/wp-content\\\/uploads\\\/2022\\\/05\\\/Fichier-2-1.png\",\"width\":1615,\"height\":443,\"caption\":\"Agence Itin\u00e9raire\"},\"image\":{\"@id\":\"https:\\\/\\\/agence-itineraire.fr\\\/#\\\/schema\\\/logo\\\/image\\\/\"}}]}<\/script>\n<!-- \/ Yoast SEO plugin. -->","yoast_head_json":{"title":"Mentions L\u00e9gales - Nouvel Itin\u00e9raire","robots":{"index":"index","follow":"follow","max-snippet":"max-snippet:-1","max-image-preview":"max-image-preview:large","max-video-preview":"max-video-preview:-1"},"canonical":"https:\/\/agence-itineraire.fr\/?page_id=12245","og_locale":"fr_FR","og_type":"article","og_title":"Mentions L\u00e9gales - Nouvel Itin\u00e9raire","og_description":"Mentions l\u00e9gales \u00c9diteur du site Nom commercial : Agence Itin\u00e9raire Statut : Micro-entreprise Nom du responsable : Nathan Le Callonnec Adresse : 19 rue Saint \u00c9loi, 45000 Orl\u00e9ans, France SIRET : 823 236 658 00030 TVA intracommunautaire : FR67823236658 Code APE \/ NAF : 6201Z T\u00e9l\u00e9phone : 06 66 57 38 86 Email : nathan@agence-itineraire.fr...","og_url":"https:\/\/agence-itineraire.fr\/?page_id=12245","og_site_name":"Nouvel Itin\u00e9raire","article_modified_time":"2025-06-04T13:44:17+00:00","twitter_card":"summary_large_image","twitter_misc":{"Dur\u00e9e de lecture estim\u00e9e":"2 minutes"},"schema":{"@context":"https:\/\/schema.org","@graph":[{"@type":"WebPage","@id":"https:\/\/agence-itineraire.fr\/?page_id=12245","url":"https:\/\/agence-itineraire.fr\/?page_id=12245","name":"Mentions L\u00e9gales - Nouvel Itin\u00e9raire","isPartOf":{"@id":"https:\/\/agence-itineraire.fr\/#website"},"datePublished":"2025-06-04T13:36:41+00:00","dateModified":"2025-06-04T13:44:17+00:00","breadcrumb":{"@id":"https:\/\/agence-itineraire.fr\/?page_id=12245#breadcrumb"},"inLanguage":"fr-FR","potentialAction":[{"@type":"ReadAction","target":["https:\/\/agence-itineraire.fr\/?page_id=12245"]}]},{"@type":"BreadcrumbList","@id":"https:\/\/agence-itineraire.fr\/?page_id=12245#breadcrumb","itemListElement":[{"@type":"ListItem","position":1,"name":"Accueil","item":"https:\/\/agence-itineraire.fr\/"},{"@type":"ListItem","position":2,"name":"Mentions L\u00e9gales"}]},{"@type":"WebSite","@id":"https:\/\/agence-itineraire.fr\/#website","url":"https:\/\/agence-itineraire.fr\/","name":"Nouvel Itin\u00e9raire","description":"L&#039;image que votre marque m\u00e9rite.","publisher":{"@id":"https:\/\/agence-itineraire.fr\/#organization"},"potentialAction":[{"@type":"SearchAction","target":{"@type":"EntryPoint","urlTemplate":"https:\/\/agence-itineraire.fr\/?s={search_term_string}"},"query-input":{"@type":"PropertyValueSpecification","valueRequired":true,"valueName":"search_term_string"}}],"inLanguage":"fr-FR"},{"@type":"Organization","@id":"https:\/\/agence-itineraire.fr\/#organization","name":"Agence Itin\u00e9raire","url":"https:\/\/agence-itineraire.fr\/","logo":{"@type":"ImageObject","inLanguage":"fr-FR","@id":"https:\/\/agence-itineraire.fr\/#\/schema\/logo\/image\/","url":"https:\/\/agence-itineraire.fr\/wp-content\/uploads\/2022\/05\/Fichier-2-1.png","contentUrl":"https:\/\/agence-itineraire.fr\/wp-content\/uploads\/2022\/05\/Fichier-2-1.png","width":1615,"height":443,"caption":"Agence Itin\u00e9raire"},"image":{"@id":"https:\/\/agence-itineraire.fr\/#\/schema\/logo\/image\/"}}]}},"_links":{"self":[{"href":"https:\/\/agence-itineraire.fr\/index.php?rest_route=\/wp\/v2\/pages\/12245","targetHints":{"allow":["GET"]}}],"collection":[{"href":"https:\/\/agence-itineraire.fr\/index.php?rest_route=\/wp\/v2\/pages"}],"about":[{"href":"https:\/\/agence-itineraire.fr\/index.php?rest_route=\/wp\/v2\/types\/page"}],"author":[{"embeddable":true,"href":"https:\/\/agence-itineraire.fr\/index.php?rest_route=\/wp\/v2\/users\/1"}],"replies":[{"embeddable":true,"href":"https:\/\/agence-itineraire.fr\/index.php?rest_route=%2Fwp%2Fv2%2Fcomments&post=12245"}],"version-history":[{"count":4,"href":"https:\/\/agence-itineraire.fr\/index.php?rest_route=\/wp\/v2\/pages\/12245\/revisions"}],"predecessor-version":[{"id":12250,"href":"https:\/\/agence-itineraire.fr\/index.php?rest_route=\/wp\/v2\/pages\/12245\/revisions\/12250"}],"wp:attachment":[{"href":"https:\/\/agence-itineraire.fr\/index.php?rest_route=%2Fwp%2Fv2%2Fmedia&parent=12245"}],"curies":[{"name":"wp","href":"https:\/\/api.w.org\/{rel}","templated":true}]}}